{"id":1820,"date":"2022-11-28T22:21:56","date_gmt":"2022-11-28T22:21:56","guid":{"rendered":"https:\/\/barikasira.com\/entrepreunariat-et-developpement-personnel-copy\/"},"modified":"2023-09-18T23:14:01","modified_gmt":"2023-09-18T23:14:01","slug":"barika-sira-au-centre-de-la-tradition-et-les-cultures-africaines","status":"publish","type":"page","link":"https:\/\/barikasira.com\/en\/barika-sira-au-centre-de-la-tradition-et-les-cultures-africaines\/","title":{"rendered":"BARIKA SIRA AT THE CENTER OF TRADITION AND AFRICAN CULTURES"},"content":{"rendered":"<div data-elementor-type=\"wp-page\" data-elementor-id=\"1820\" class=\"elementor elementor-1820\">\n\t\t\t\t\t\t<section class=\"elementor-section elementor-top-section elementor-element elementor-element-4m5m77r elementor-section-boxed elementor-section-height-default elementor-section-height-default exad-glass-effect-no exad-sticky-section-no\" data-id=\"4m5m77r\" data-element_type=\"section\" data-e-type=\"section\" data-settings=\"{&quot;background_background&quot;:&quot;classic&quot;}\">\n\t\t\t\t\t\t\t<div class=\"elementor-background-overlay\"><\/div>\n\t\t\t\t\t\t\t<div class=\"elementor-container elementor-column-gap-no\">\n\t\t\t\t\t<div class=\"elementor-column elementor-col-100 elementor-top-column elementor-element elementor-element-f564d76 exad-glass-effect-no exad-sticky-section-no\" data-id=\"f564d76\" data-element_type=\"column\" data-e-type=\"column\">\n\t\t\t<div class=\"elementor-widget-wrap elementor-element-populated\">\n\t\t\t\t\t\t<div class=\"elementor-element elementor-element-801122e elementor-widget-divider--view-line exad-sticky-section-no exad-glass-effect-no elementor-widget elementor-widget-divider\" data-id=\"801122e\" data-element_type=\"widget\" data-e-type=\"widget\" data-widget_type=\"divider.default\">\n\t\t\t\t<div class=\"elementor-widget-container\">\n\t\t\t\t\t\t\t<div class=\"elementor-divider\">\n\t\t\t<span class=\"elementor-divider-separator\">\n\t\t\t\t\t\t<\/span>\n\t\t<\/div>\n\t\t\t\t\t\t<\/div>\n\t\t\t\t<\/div>\n\t\t\t\t<div class=\"elementor-element elementor-element-647ba20 exad-sticky-section-no exad-glass-effect-no elementor-widget elementor-widget-heading\" data-id=\"647ba20\" data-element_type=\"widget\" data-e-type=\"widget\" data-widget_type=\"heading.default\">\n\t\t\t\t<div class=\"elementor-widget-container\">\n\t\t\t\t\t<h1 class=\"elementor-heading-title elementor-size-default\"> AFRICAN TRADITION AND CULTURES<\/h1>\t\t\t\t<\/div>\n\t\t\t\t<\/div>\n\t\t\t\t\t<\/div>\n\t\t<\/div>\n\t\t\t\t\t<\/div>\n\t\t<\/section>\n\t\t\t\t<section class=\"elementor-section elementor-top-section elementor-element elementor-element-8cbf27c elementor-section-boxed elementor-section-height-default elementor-section-height-default exad-glass-effect-no exad-sticky-section-no\" data-id=\"8cbf27c\" data-element_type=\"section\" data-e-type=\"section\">\n\t\t\t\t\t\t<div class=\"elementor-container elementor-column-gap-default\">\n\t\t\t\t\t<div class=\"elementor-column elementor-col-100 elementor-top-column elementor-element elementor-element-e54c2c2 exad-glass-effect-no exad-sticky-section-no\" data-id=\"e54c2c2\" data-element_type=\"column\" data-e-type=\"column\">\n\t\t\t<div class=\"elementor-widget-wrap elementor-element-populated\">\n\t\t\t\t\t\t<section class=\"elementor-section elementor-inner-section elementor-element elementor-element-bcaa630 elementor-section-boxed elementor-section-height-default elementor-section-height-default exad-glass-effect-no exad-sticky-section-no\" data-id=\"bcaa630\" data-element_type=\"section\" data-e-type=\"section\">\n\t\t\t\t\t\t<div class=\"elementor-container elementor-column-gap-default\">\n\t\t\t\t\t<div class=\"elementor-column elementor-col-50 elementor-inner-column elementor-element elementor-element-ae98462 exad-glass-effect-no exad-sticky-section-no\" data-id=\"ae98462\" data-element_type=\"column\" data-e-type=\"column\">\n\t\t\t<div class=\"elementor-widget-wrap elementor-element-populated\">\n\t\t\t\t\t\t<div class=\"elementor-element elementor-element-c3e1e5d exad-sticky-section-no exad-glass-effect-no elementor-widget elementor-widget-image\" data-id=\"c3e1e5d\" data-element_type=\"widget\" data-e-type=\"widget\" data-widget_type=\"image.default\">\n\t\t\t\t<div class=\"elementor-widget-container\">\n\t\t\t\t\t\t\t\t\t\t\t\t\t\t\t<img fetchpriority=\"high\" decoding=\"async\" width=\"1024\" height=\"866\" src=\"https:\/\/barikasira.com\/wp-content\/uploads\/2022\/11\/portrait-of-scary-african-shaman-female-with-petrified-cracked-skin-and-dreadlocks-holds-traditional-mask-on-dark-background-make-up-concept-1024x866.jpg\" class=\"attachment-large size-large wp-image-1822\" alt=\"\" srcset=\"https:\/\/barikasira.com\/wp-content\/uploads\/2022\/11\/portrait-of-scary-african-shaman-female-with-petrified-cracked-skin-and-dreadlocks-holds-traditional-mask-on-dark-background-make-up-concept-1024x866.jpg 1024w, https:\/\/barikasira.com\/wp-content\/uploads\/2022\/11\/portrait-of-scary-african-shaman-female-with-petrified-cracked-skin-and-dreadlocks-holds-traditional-mask-on-dark-background-make-up-concept-300x254.jpg 300w, https:\/\/barikasira.com\/wp-content\/uploads\/2022\/11\/portrait-of-scary-african-shaman-female-with-petrified-cracked-skin-and-dreadlocks-holds-traditional-mask-on-dark-background-make-up-concept-768x650.jpg 768w, https:\/\/barikasira.com\/wp-content\/uploads\/2022\/11\/portrait-of-scary-african-shaman-female-with-petrified-cracked-skin-and-dreadlocks-holds-traditional-mask-on-dark-background-make-up-concept-1536x1300.jpg 1536w, https:\/\/barikasira.com\/wp-content\/uploads\/2022\/11\/portrait-of-scary-african-shaman-female-with-petrified-cracked-skin-and-dreadlocks-holds-traditional-mask-on-dark-background-make-up-concept-2048x1733.jpg 2048w\" sizes=\"(max-width: 1024px) 100vw, 1024px\" \/>\t\t\t\t\t\t\t\t\t\t\t\t\t\t\t<\/div>\n\t\t\t\t<\/div>\n\t\t\t\t\t<\/div>\n\t\t<\/div>\n\t\t\t\t<div class=\"elementor-column elementor-col-50 elementor-inner-column elementor-element elementor-element-5f1155a exad-glass-effect-no exad-sticky-section-no\" data-id=\"5f1155a\" data-element_type=\"column\" data-e-type=\"column\">\n\t\t\t<div class=\"elementor-widget-wrap elementor-element-populated\">\n\t\t\t\t\t\t<div class=\"elementor-element elementor-element-15445ee exad-sticky-section-no exad-glass-effect-no elementor-widget elementor-widget-text-editor\" data-id=\"15445ee\" data-element_type=\"widget\" data-e-type=\"widget\" data-widget_type=\"text-editor.default\">\n\t\t\t\t<div class=\"elementor-widget-container\">\n\t\t\t\t\t\t\t\t\t<p style=\"text-align: left;\">\u00a0 \u00a0 \u00a0 \u00a0 \u00a0 \u00a0 <span style=\"font-family: 'times new roman', times, serif;\">1- A vision<\/span><\/p><p>BARIKA\u00a0SIRA\u00a0est une\u00a0cha\u00eene\u00a0qui fait tout pour mettre en avant non seulement la foi chr\u00e9tienne\u00a0catholique, mais\u00a0aussi la tradition et les cultures du continent africain.\u00a0Voil\u00e0 pourquoi, les jeunes membres travaillent quotidiennement en faisant des recherches pouss\u00e9es sur la question de nos traditions et cultures.\u00a0Ainsi,<a href=\"https:\/\/barikasira.com\/en\/\"> BARIKA SIRA<\/a> se donne les moyens nuit et jour pour devenir la premi\u00e8re cha\u00eene m\u00e9dia de r\u00e9f\u00e9rence dans ledit domaine \u00e0 destination des jeunes en g\u00e9n\u00e9ral et chr\u00e9tiens africains en particulier.<\/p><p style=\"text-align: center;\"><strong>\u00a0 \u00a0 \u00a0<span style=\"font-family: 'times new roman', times, serif;\">2-<\/span><\/strong><span style=\"font-family: 'times new roman', times, serif;\"><strong>\u00a0The need to promote our traditions and cultures<\/strong><\/span><\/p><p>Parce que nous avons compris son importance que\u00a0<a href=\"https:\/\/barikasira.com\/en\/\">BARIKA\u00a0SIRA<\/a>\u00a0fait de son credo, la Promotion des us et coutumes, les valeurs et la beaut\u00e9 de nos traditions, de nos paysages.\u00a0Albert Camus disait :\u00a0\u00ab Tout ce qui d\u00e9grade la culture, raccourcit les chemins qui m\u00e8nent \u00e0 la servitude.\u00a0\u00bb\u00a0Or, <a href=\"https:\/\/barikasira.com\/en\/\">BARIKA\u00a0SIRA<\/a>, le chemin de b\u00e9n\u00e9diction est la\u00a0cha\u00eene\u00a0qui propose aux jeunes africains la libert\u00e9 en Christ.\u00a0Sur ce,\u00a0<a href=\"https:\/\/barikasira.com\/en\/\">BARIKA\u00a0SIRA<\/a>, ne peut ignorer l\u2019apport de la tradition et la culture pour l\u2019accomplissement des jeunes.<\/p><p><span style=\"font-family: 'times new roman', times, serif;\"><strong>\u00a0 \u00a0 \u00a0 \u00a0 \u00a0 \u00a03 \u2013 tradition, culture and religion<\/strong><\/span><\/p><p>Le bapt\u00eame en Christ n\u2019exclut pas l\u2019appartenance \u00e0 une tradition et \u00e0 une culture tant que cette derni\u00e8re ne te conduit pas sur le chemin du mal.\u00a0Les traditions nous aident \u00e0 mieux nous d\u00e9finir, \u00e7a forge notre identit\u00e9.\u00a0En bref, \u00e7a d\u00e9finit tout notre \u00eatre.\u00a0Et le Christ, veut que nous soyons \u00e0 lui dans tout notre \u00eatre.\u00a0C\u2019est la raison pour laquelle\u00a0BARIKA\u00a0SIRA, <a href=\"https:\/\/www.youtube.com\/watch?v=y0L0Z_BN1_M&amp;list=PLQi5TMndNUw8c_WphYxDdTC304m24vLmE\">votre\u00a0cha\u00eene<\/a>, nous attire vers la connaissance de nos traditions et cultures pour mieux vivre notre foi chr\u00e9tienne.<\/p><div id=\"simple-translate\" class=\"simple-translate-system-theme\"><div><div class=\"simple-translate-button isShow\" style=\"background-image: url('chrome-extension:\/\/ibplnjkanclpjokhdolnendpplpjiace\/icons\/512.png'); height: 22px; width: 22px; top: 96px; left: 31px;\">\u00a0<\/div><div class=\"simple-translate-panel\" style=\"width: 300px; height: 200px; top: 0px; left: 0px; font-size: 13px;\"><div class=\"simple-translate-result-wrapper\" style=\"overflow: hidden;\"><div class=\"simple-translate-move\" draggable=\"true\">\u00a0<\/div><div class=\"simple-translate-result-contents\"><p class=\"simple-translate-result\" dir=\"auto\">\u00a0<\/p><p class=\"simple-translate-candidate\" dir=\"auto\">\u00a0<\/p><\/div><\/div><\/div><\/div><\/div>\t\t\t\t\t\t\t\t<\/div>\n\t\t\t\t<\/div>\n\t\t\t\t\t<\/div>\n\t\t<\/div>\n\t\t\t\t\t<\/div>\n\t\t<\/section>\n\t\t\t\t\t<\/div>\n\t\t<\/div>\n\t\t\t\t\t<\/div>\n\t\t<\/section>\n\t\t\t\t<\/div>","protected":false},"excerpt":{"rendered":"<p>LA TRADITION ET LES CULTURES AFRICAINES \u00a0 \u00a0 \u00a0 \u00a0 \u00a0 \u00a0 1- Une vision BARIKA\u00a0SIRA\u00a0est une\u00a0cha\u00eene\u00a0qui fait tout pour mettre en avant non seulement la foi chr\u00e9tienne\u00a0catholique, mais\u00a0aussi la tradition et les cultures du continent africain.\u00a0Voil\u00e0 pourquoi, les jeunes membres travaillent quotidiennement en faisant des recherches pouss\u00e9es sur la question de nos traditions et [&hellip;]<\/p>\n","protected":false},"author":2,"featured_media":2416,"parent":0,"menu_order":0,"comment_status":"closed","ping_status":"closed","template":"","meta":{"site-sidebar-layout":"no-sidebar","site-content-layout":"page-builder","ast-site-content-layout":"full-width-container","site-content-style":"unboxed","site-sidebar-style":"unboxed","ast-global-header-display":"","ast-banner-title-visibility":"","ast-main-header-display":"","ast-hfb-above-header-display":"","ast-hfb-below-header-display":"","ast-hfb-mobile-header-display":"","site-post-title":"disabled","ast-breadcrumbs-content":"","ast-featured-img":"disabled","footer-sml-layout":"","ast-disable-related-posts":"","theme-transparent-header-meta":"","adv-header-id-meta":"","stick-header-meta":"","header-above-stick-meta":"","header-main-stick-meta":"","header-below-stick-meta":"","astra-migrate-meta-layouts":"set","ast-page-background-enabled":"default","ast-page-background-meta":{"desktop":{"background-color":"var(--ast-global-color-4)","background-image":"","background-repeat":"repeat","background-position":"center center","background-size":"auto","background-attachment":"scroll","background-type":"","background-media":"","overlay-type":"","overlay-color":"","overlay-opacity":"","overlay-gradient":""},"tablet":{"background-color":"","background-image":"","background-repeat":"repeat","background-position":"center center","background-size":"auto","background-attachment":"scroll","background-type":"","background-media":"","overlay-type":"","overlay-color":"","overlay-opacity":"","overlay-gradient":""},"mobile":{"background-color":"","background-image":"","background-repeat":"repeat","background-position":"center center","background-size":"auto","background-attachment":"scroll","background-type":"","background-media":"","overlay-type":"","overlay-color":"","overlay-opacity":"","overlay-gradient":""}},"ast-content-background-meta":{"desktop":{"background-color":"var(--ast-global-color-5)","background-image":"","background-repeat":"repeat","background-position":"center center","background-size":"auto","background-attachment":"scroll","background-type":"","background-media":"","overlay-type":"","overlay-color":"","overlay-opacity":"","overlay-gradient":""},"tablet":{"background-color":"var(--ast-global-color-5)","background-image":"","background-repeat":"repeat","background-position":"center center","background-size":"auto","background-attachment":"scroll","background-type":"","background-media":"","overlay-type":"","overlay-color":"","overlay-opacity":"","overlay-gradient":""},"mobile":{"background-color":"var(--ast-global-color-5)","background-image":"","background-repeat":"repeat","background-position":"center center","background-size":"auto","background-attachment":"scroll","background-type":"","background-media":"","overlay-type":"","overlay-color":"","overlay-opacity":"","overlay-gradient":""}},"footnotes":""},"class_list":["post-1820","page","type-page","status-publish","has-post-thumbnail","hentry"],"yoast_head":"<!-- This site is optimized with the Yoast SEO plugin v27.4 - https:\/\/yoast.com\/product\/yoast-seo-wordpress\/ -->\n<title>barika sira au centre de la tradition et les cultures africaines<\/title>\n<meta name=\"description\" content=\"BARIKA SIRA est une cha\u00eene qui fait tout pour mettre en avant non seulement la foi chr\u00e9tienne catholique, mais aussi la tradition et\" \/>\n<meta name=\"robots\" content=\"index, follow, max-snippet:-1, max-image-preview:large, max-video-preview:-1\" \/>\n<link rel=\"canonical\" href=\"https:\/\/barikasira.com\/en\/barika-sira-au-centre-de-la-tradition-et-les-cultures-africaines\/\" \/>\n<meta property=\"og:locale\" content=\"en_US\" \/>\n<meta property=\"og:type\" content=\"article\" \/>\n<meta property=\"og:title\" content=\"barika sira au centre de la tradition et les cultures africaines\" \/>\n<meta property=\"og:description\" content=\"BARIKA SIRA est une cha\u00eene qui fait tout pour mettre en avant non seulement la foi chr\u00e9tienne catholique, mais aussi la tradition et\" \/>\n<meta property=\"og:url\" content=\"https:\/\/barikasira.com\/en\/barika-sira-au-centre-de-la-tradition-et-les-cultures-africaines\/\" \/>\n<meta property=\"og:site_name\" content=\"Barika Sira\" \/>\n<meta property=\"article:publisher\" content=\"https:\/\/www.facebook.com\/Barikasiratv\" \/>\n<meta property=\"article:modified_time\" content=\"2023-09-18T23:14:01+00:00\" \/>\n<meta property=\"og:image\" content=\"https:\/\/barikasira.com\/wp-content\/uploads\/2023\/09\/Vivien-Banjis-Traditional-Wedding-in-Isi-Uzo-was-EVERYTHING-jpg.webp\" \/>\n\t<meta property=\"og:image:width\" content=\"736\" \/>\n\t<meta property=\"og:image:height\" content=\"1056\" \/>\n\t<meta property=\"og:image:type\" content=\"image\/jpeg\" \/>\n<meta name=\"twitter:card\" content=\"summary_large_image\" \/>\n<meta name=\"twitter:site\" content=\"@BarikaTv\" \/>\n<meta name=\"twitter:label1\" content=\"Est. reading time\" \/>\n\t<meta name=\"twitter:data1\" content=\"2 minutes\" \/>\n<script type=\"application\/ld+json\" class=\"yoast-schema-graph\">{\"@context\":\"https:\\\/\\\/schema.org\",\"@graph\":[{\"@type\":\"WebPage\",\"@id\":\"https:\\\/\\\/barikasira.com\\\/barika-sira-au-centre-de-la-tradition-et-les-cultures-africaines\\\/\",\"url\":\"https:\\\/\\\/barikasira.com\\\/barika-sira-au-centre-de-la-tradition-et-les-cultures-africaines\\\/\",\"name\":\"barika sira au centre de la tradition et les cultures africaines\",\"isPartOf\":{\"@id\":\"http:\\\/\\\/box5887.temp.domains\\\/~barikasi\\\/#website\"},\"primaryImageOfPage\":{\"@id\":\"https:\\\/\\\/barikasira.com\\\/barika-sira-au-centre-de-la-tradition-et-les-cultures-africaines\\\/#primaryimage\"},\"image\":{\"@id\":\"https:\\\/\\\/barikasira.com\\\/barika-sira-au-centre-de-la-tradition-et-les-cultures-africaines\\\/#primaryimage\"},\"thumbnailUrl\":\"https:\\\/\\\/barikasira.com\\\/wp-content\\\/uploads\\\/2023\\\/09\\\/Vivien-Banjis-Traditional-Wedding-in-Isi-Uzo-was-EVERYTHING-jpg.webp\",\"datePublished\":\"2022-11-28T22:21:56+00:00\",\"dateModified\":\"2023-09-18T23:14:01+00:00\",\"description\":\"BARIKA SIRA est une cha\u00eene qui fait tout pour mettre en avant non seulement la foi chr\u00e9tienne catholique, mais aussi la tradition et\",\"breadcrumb\":{\"@id\":\"https:\\\/\\\/barikasira.com\\\/barika-sira-au-centre-de-la-tradition-et-les-cultures-africaines\\\/#breadcrumb\"},\"inLanguage\":\"en-US\",\"potentialAction\":[{\"@type\":\"ReadAction\",\"target\":[\"https:\\\/\\\/barikasira.com\\\/barika-sira-au-centre-de-la-tradition-et-les-cultures-africaines\\\/\"]}]},{\"@type\":\"ImageObject\",\"inLanguage\":\"en-US\",\"@id\":\"https:\\\/\\\/barikasira.com\\\/barika-sira-au-centre-de-la-tradition-et-les-cultures-africaines\\\/#primaryimage\",\"url\":\"https:\\\/\\\/barikasira.com\\\/wp-content\\\/uploads\\\/2023\\\/09\\\/Vivien-Banjis-Traditional-Wedding-in-Isi-Uzo-was-EVERYTHING-jpg.webp\",\"contentUrl\":\"https:\\\/\\\/barikasira.com\\\/wp-content\\\/uploads\\\/2023\\\/09\\\/Vivien-Banjis-Traditional-Wedding-in-Isi-Uzo-was-EVERYTHING-jpg.webp\",\"width\":736,\"height\":1056,\"caption\":\"la tradition et les cultures africaines\"},{\"@type\":\"BreadcrumbList\",\"@id\":\"https:\\\/\\\/barikasira.com\\\/barika-sira-au-centre-de-la-tradition-et-les-cultures-africaines\\\/#breadcrumb\",\"itemListElement\":[{\"@type\":\"ListItem\",\"position\":1,\"name\":\"Home\",\"item\":\"https:\\\/\\\/barikasira.com\\\/\"},{\"@type\":\"ListItem\",\"position\":2,\"name\":\"BARIKA SIRA AU CENTRE DE LA TRADITION ET LES CULTURES AFRICAINES\"}]},{\"@type\":\"WebSite\",\"@id\":\"http:\\\/\\\/box5887.temp.domains\\\/~barikasi\\\/#website\",\"url\":\"http:\\\/\\\/box5887.temp.domains\\\/~barikasi\\\/\",\"name\":\"Barika Sira\",\"description\":\"Mieux communiquer pour \u00eatre une b\u00e9n\u00e9diction\",\"publisher\":{\"@id\":\"http:\\\/\\\/box5887.temp.domains\\\/~barikasi\\\/#organization\"},\"potentialAction\":[{\"@type\":\"SearchAction\",\"target\":{\"@type\":\"EntryPoint\",\"urlTemplate\":\"http:\\\/\\\/box5887.temp.domains\\\/~barikasi\\\/?s={search_term_string}\"},\"query-input\":{\"@type\":\"PropertyValueSpecification\",\"valueRequired\":true,\"valueName\":\"search_term_string\"}}],\"inLanguage\":\"en-US\"},{\"@type\":\"Organization\",\"@id\":\"http:\\\/\\\/box5887.temp.domains\\\/~barikasi\\\/#organization\",\"name\":\"Barika Sira\",\"url\":\"http:\\\/\\\/box5887.temp.domains\\\/~barikasi\\\/\",\"logo\":{\"@type\":\"ImageObject\",\"inLanguage\":\"en-US\",\"@id\":\"http:\\\/\\\/box5887.temp.domains\\\/~barikasi\\\/#\\\/schema\\\/logo\\\/image\\\/\",\"url\":\"https:\\\/\\\/barikasira.com\\\/wp-content\\\/uploads\\\/2022\\\/10\\\/cropped-Barika-Sira-logo.png\",\"contentUrl\":\"https:\\\/\\\/barikasira.com\\\/wp-content\\\/uploads\\\/2022\\\/10\\\/cropped-Barika-Sira-logo.png\",\"width\":512,\"height\":512,\"caption\":\"Barika Sira\"},\"image\":{\"@id\":\"http:\\\/\\\/box5887.temp.domains\\\/~barikasi\\\/#\\\/schema\\\/logo\\\/image\\\/\"},\"sameAs\":[\"https:\\\/\\\/www.facebook.com\\\/Barikasiratv\",\"https:\\\/\\\/x.com\\\/BarikaTv\"]}]}<\/script>\n<!-- \/ Yoast SEO plugin. -->","yoast_head_json":{"title":"barika sira au centre de la tradition et les cultures africaines","description":"BARIKA SIRA est une cha\u00eene qui fait tout pour mettre en avant non seulement la foi chr\u00e9tienne catholique, mais aussi la tradition et","robots":{"index":"index","follow":"follow","max-snippet":"max-snippet:-1","max-image-preview":"max-image-preview:large","max-video-preview":"max-video-preview:-1"},"canonical":"https:\/\/barikasira.com\/en\/barika-sira-au-centre-de-la-tradition-et-les-cultures-africaines\/","og_locale":"en_US","og_type":"article","og_title":"barika sira au centre de la tradition et les cultures africaines","og_description":"BARIKA SIRA est une cha\u00eene qui fait tout pour mettre en avant non seulement la foi chr\u00e9tienne catholique, mais aussi la tradition et","og_url":"https:\/\/barikasira.com\/en\/barika-sira-au-centre-de-la-tradition-et-les-cultures-africaines\/","og_site_name":"Barika Sira","article_publisher":"https:\/\/www.facebook.com\/Barikasiratv","article_modified_time":"2023-09-18T23:14:01+00:00","og_image":[{"width":736,"height":1056,"url":"https:\/\/barikasira.com\/wp-content\/uploads\/2023\/09\/Vivien-Banjis-Traditional-Wedding-in-Isi-Uzo-was-EVERYTHING-jpg.webp","type":"image\/jpeg"}],"twitter_card":"summary_large_image","twitter_site":"@BarikaTv","twitter_misc":{"Est. reading time":"2 minutes"},"schema":{"@context":"https:\/\/schema.org","@graph":[{"@type":"WebPage","@id":"https:\/\/barikasira.com\/barika-sira-au-centre-de-la-tradition-et-les-cultures-africaines\/","url":"https:\/\/barikasira.com\/barika-sira-au-centre-de-la-tradition-et-les-cultures-africaines\/","name":"barika sira au centre de la tradition et les cultures africaines","isPartOf":{"@id":"http:\/\/box5887.temp.domains\/~barikasi\/#website"},"primaryImageOfPage":{"@id":"https:\/\/barikasira.com\/barika-sira-au-centre-de-la-tradition-et-les-cultures-africaines\/#primaryimage"},"image":{"@id":"https:\/\/barikasira.com\/barika-sira-au-centre-de-la-tradition-et-les-cultures-africaines\/#primaryimage"},"thumbnailUrl":"https:\/\/barikasira.com\/wp-content\/uploads\/2023\/09\/Vivien-Banjis-Traditional-Wedding-in-Isi-Uzo-was-EVERYTHING-jpg.webp","datePublished":"2022-11-28T22:21:56+00:00","dateModified":"2023-09-18T23:14:01+00:00","description":"BARIKA SIRA est une cha\u00eene qui fait tout pour mettre en avant non seulement la foi chr\u00e9tienne catholique, mais aussi la tradition et","breadcrumb":{"@id":"https:\/\/barikasira.com\/barika-sira-au-centre-de-la-tradition-et-les-cultures-africaines\/#breadcrumb"},"inLanguage":"en-US","potentialAction":[{"@type":"ReadAction","target":["https:\/\/barikasira.com\/barika-sira-au-centre-de-la-tradition-et-les-cultures-africaines\/"]}]},{"@type":"ImageObject","inLanguage":"en-US","@id":"https:\/\/barikasira.com\/barika-sira-au-centre-de-la-tradition-et-les-cultures-africaines\/#primaryimage","url":"https:\/\/barikasira.com\/wp-content\/uploads\/2023\/09\/Vivien-Banjis-Traditional-Wedding-in-Isi-Uzo-was-EVERYTHING-jpg.webp","contentUrl":"https:\/\/barikasira.com\/wp-content\/uploads\/2023\/09\/Vivien-Banjis-Traditional-Wedding-in-Isi-Uzo-was-EVERYTHING-jpg.webp","width":736,"height":1056,"caption":"la tradition et les cultures africaines"},{"@type":"BreadcrumbList","@id":"https:\/\/barikasira.com\/barika-sira-au-centre-de-la-tradition-et-les-cultures-africaines\/#breadcrumb","itemListElement":[{"@type":"ListItem","position":1,"name":"Home","item":"https:\/\/barikasira.com\/"},{"@type":"ListItem","position":2,"name":"BARIKA SIRA AU CENTRE DE LA TRADITION ET LES CULTURES AFRICAINES"}]},{"@type":"WebSite","@id":"http:\/\/box5887.temp.domains\/~barikasi\/#website","url":"http:\/\/box5887.temp.domains\/~barikasi\/","name":"Barika Sira","description":"Mieux communiquer pour \u00eatre une b\u00e9n\u00e9diction","publisher":{"@id":"http:\/\/box5887.temp.domains\/~barikasi\/#organization"},"potentialAction":[{"@type":"SearchAction","target":{"@type":"EntryPoint","urlTemplate":"http:\/\/box5887.temp.domains\/~barikasi\/?s={search_term_string}"},"query-input":{"@type":"PropertyValueSpecification","valueRequired":true,"valueName":"search_term_string"}}],"inLanguage":"en-US"},{"@type":"Organization","@id":"http:\/\/box5887.temp.domains\/~barikasi\/#organization","name":"Barika Sira","url":"http:\/\/box5887.temp.domains\/~barikasi\/","logo":{"@type":"ImageObject","inLanguage":"en-US","@id":"http:\/\/box5887.temp.domains\/~barikasi\/#\/schema\/logo\/image\/","url":"https:\/\/barikasira.com\/wp-content\/uploads\/2022\/10\/cropped-Barika-Sira-logo.png","contentUrl":"https:\/\/barikasira.com\/wp-content\/uploads\/2022\/10\/cropped-Barika-Sira-logo.png","width":512,"height":512,"caption":"Barika Sira"},"image":{"@id":"http:\/\/box5887.temp.domains\/~barikasi\/#\/schema\/logo\/image\/"},"sameAs":["https:\/\/www.facebook.com\/Barikasiratv","https:\/\/x.com\/BarikaTv"]}]}},"_links":{"self":[{"href":"https:\/\/barikasira.com\/en\/wp-json\/wp\/v2\/pages\/1820","targetHints":{"allow":["GET"]}}],"collection":[{"href":"https:\/\/barikasira.com\/en\/wp-json\/wp\/v2\/pages"}],"about":[{"href":"https:\/\/barikasira.com\/en\/wp-json\/wp\/v2\/types\/page"}],"author":[{"embeddable":true,"href":"https:\/\/barikasira.com\/en\/wp-json\/wp\/v2\/users\/2"}],"replies":[{"embeddable":true,"href":"https:\/\/barikasira.com\/en\/wp-json\/wp\/v2\/comments?post=1820"}],"version-history":[{"count":20,"href":"https:\/\/barikasira.com\/en\/wp-json\/wp\/v2\/pages\/1820\/revisions"}],"predecessor-version":[{"id":2421,"href":"https:\/\/barikasira.com\/en\/wp-json\/wp\/v2\/pages\/1820\/revisions\/2421"}],"wp:featuredmedia":[{"embeddable":true,"href":"https:\/\/barikasira.com\/en\/wp-json\/wp\/v2\/media\/2416"}],"wp:attachment":[{"href":"https:\/\/barikasira.com\/en\/wp-json\/wp\/v2\/media?parent=1820"}],"curies":[{"name":"wp","href":"https:\/\/api.w.org\/{rel}","templated":true}]}}