{"id":2474,"date":"2025-05-16T16:34:12","date_gmt":"2025-05-16T16:34:12","guid":{"rendered":"https:\/\/barikasira.com\/?page_id=2474"},"modified":"2025-05-16T17:40:37","modified_gmt":"2025-05-16T17:40:37","slug":"test","status":"publish","type":"page","link":"https:\/\/barikasira.com\/en\/test\/","title":{"rendered":"test"},"content":{"rendered":"<a href=\"https:\/\/barikasira.com\/en\/services&\/#038;redirect_to=https%3A%2F%2Fbarikasira.com%2Fservices%2F\" target=\"_blank\" rel=\"noopener noreferrer\">\n  <img","protected":false},"excerpt":{"rendered":"","protected":false},"author":2,"featured_media":0,"parent":0,"menu_order":0,"comment_status":"closed","ping_status":"closed","template":"","meta":{"site-sidebar-layout":"default","site-content-layout":"","ast-site-content-layout":"default","site-content-style":"default","site-sidebar-style":"default","ast-global-header-display":"","ast-banner-title-visibility":"","ast-main-header-display":"","ast-hfb-above-header-display":"","ast-hfb-below-header-display":"","ast-hfb-mobile-header-display":"","site-post-title":"","ast-breadcrumbs-content":"","ast-featured-img":"","footer-sml-layout":"","ast-disable-related-posts":"","theme-transparent-header-meta":"","adv-header-id-meta":"","stick-header-meta":"","header-above-stick-meta":"","header-main-stick-meta":"","header-below-stick-meta":"","astra-migrate-meta-layouts":"set","ast-page-background-enabled":"default","ast-page-background-meta":{"desktop":{"background-color":"var(--ast-global-color-4)","background-image":"","background-repeat":"repeat","background-position":"center center","background-size":"auto","background-attachment":"scroll","background-type":"","background-media":"","overlay-type":"","overlay-color":"","overlay-opacity":"","overlay-gradient":""},"tablet":{"background-color":"","background-image":"","background-repeat":"repeat","background-position":"center center","background-size":"auto","background-attachment":"scroll","background-type":"","background-media":"","overlay-type":"","overlay-color":"","overlay-opacity":"","overlay-gradient":""},"mobile":{"background-color":"","background-image":"","background-repeat":"repeat","background-position":"center center","background-size":"auto","background-attachment":"scroll","background-type":"","background-media":"","overlay-type":"","overlay-color":"","overlay-opacity":"","overlay-gradient":""}},"ast-content-background-meta":{"desktop":{"background-color":"var(--ast-global-color-5)","background-image":"","background-repeat":"repeat","background-position":"center center","background-size":"auto","background-attachment":"scroll","background-type":"","background-media":"","overlay-type":"","overlay-color":"","overlay-opacity":"","overlay-gradient":""},"tablet":{"background-color":"var(--ast-global-color-5)","background-image":"","background-repeat":"repeat","background-position":"center center","background-size":"auto","background-attachment":"scroll","background-type":"","background-media":"","overlay-type":"","overlay-color":"","overlay-opacity":"","overlay-gradient":""},"mobile":{"background-color":"var(--ast-global-color-5)","background-image":"","background-repeat":"repeat","background-position":"center center","background-size":"auto","background-attachment":"scroll","background-type":"","background-media":"","overlay-type":"","overlay-color":"","overlay-opacity":"","overlay-gradient":""}},"footnotes":""},"class_list":["post-2474","page","type-page","status-publish","hentry"],"yoast_head":"<!-- This site is optimized with the Yoast SEO plugin v27.4 - https:\/\/yoast.com\/product\/yoast-seo-wordpress\/ -->\n<title>test - Barika Sira<\/title>\n<meta name=\"robots\" content=\"index, follow, max-snippet:-1, max-image-preview:large, max-video-preview:-1\" \/>\n<link rel=\"canonical\" href=\"https:\/\/barikasira.com\/en\/test\/\" \/>\n<meta property=\"og:locale\" content=\"en_US\" \/>\n<meta property=\"og:type\" content=\"article\" \/>\n<meta property=\"og:title\" content=\"test - Barika Sira\" \/>\n<meta property=\"og:url\" content=\"https:\/\/barikasira.com\/en\/test\/\" \/>\n<meta property=\"og:site_name\" content=\"Barika Sira\" \/>\n<meta property=\"article:publisher\" content=\"https:\/\/www.facebook.com\/Barikasiratv\" \/>\n<meta property=\"article:modified_time\" content=\"2025-05-16T17:40:37+00:00\" \/>\n<meta property=\"og:image\" content=\"https:\/\/qwxxjleqqdkhnoxalodm.supabase.co\/storage\/v1\/object\/public\/campaign_assets\/f0d95c9d-91d7-4f53-b6c2-6499797eac41\/1747416712169_ba%20(3).png\" \/>\n<meta name=\"twitter:card\" content=\"summary_large_image\" \/>\n<meta name=\"twitter:site\" content=\"@BarikaTv\" \/>\n<meta name=\"twitter:label1\" content=\"Est. reading time\" \/>\n\t<meta name=\"twitter:data1\" content=\"1 minute\" \/>\n<script type=\"application\/ld+json\" class=\"yoast-schema-graph\">{\"@context\":\"https:\\\/\\\/schema.org\",\"@graph\":[{\"@type\":\"WebPage\",\"@id\":\"https:\\\/\\\/barikasira.com\\\/test\\\/\",\"url\":\"https:\\\/\\\/barikasira.com\\\/test\\\/\",\"name\":\"test - Barika Sira\",\"isPartOf\":{\"@id\":\"http:\\\/\\\/box5887.temp.domains\\\/~barikasi\\\/#website\"},\"primaryImageOfPage\":{\"@id\":\"https:\\\/\\\/barikasira.com\\\/test\\\/#primaryimage\"},\"image\":{\"@id\":\"https:\\\/\\\/barikasira.com\\\/test\\\/#primaryimage\"},\"thumbnailUrl\":\"https:\\\/\\\/qwxxjleqqdkhnoxalodm.supabase.co\\\/storage\\\/v1\\\/object\\\/public\\\/campaign_assets\\\/f0d95c9d-91d7-4f53-b6c2-6499797eac41\\\/1747416712169_ba%20(3).png\",\"datePublished\":\"2025-05-16T16:34:12+00:00\",\"dateModified\":\"2025-05-16T17:40:37+00:00\",\"breadcrumb\":{\"@id\":\"https:\\\/\\\/barikasira.com\\\/test\\\/#breadcrumb\"},\"inLanguage\":\"en-US\",\"potentialAction\":[{\"@type\":\"ReadAction\",\"target\":[\"https:\\\/\\\/barikasira.com\\\/test\\\/\"]}]},{\"@type\":\"ImageObject\",\"inLanguage\":\"en-US\",\"@id\":\"https:\\\/\\\/barikasira.com\\\/test\\\/#primaryimage\",\"url\":\"https:\\\/\\\/qwxxjleqqdkhnoxalodm.supabase.co\\\/storage\\\/v1\\\/object\\\/public\\\/campaign_assets\\\/f0d95c9d-91d7-4f53-b6c2-6499797eac41\\\/1747416712169_ba%20(3).png\",\"contentUrl\":\"https:\\\/\\\/qwxxjleqqdkhnoxalodm.supabase.co\\\/storage\\\/v1\\\/object\\\/public\\\/campaign_assets\\\/f0d95c9d-91d7-4f53-b6c2-6499797eac41\\\/1747416712169_ba%20(3).png\"},{\"@type\":\"BreadcrumbList\",\"@id\":\"https:\\\/\\\/barikasira.com\\\/test\\\/#breadcrumb\",\"itemListElement\":[{\"@type\":\"ListItem\",\"position\":1,\"name\":\"Home\",\"item\":\"https:\\\/\\\/barikasira.com\\\/\"},{\"@type\":\"ListItem\",\"position\":2,\"name\":\"test\"}]},{\"@type\":\"WebSite\",\"@id\":\"http:\\\/\\\/box5887.temp.domains\\\/~barikasi\\\/#website\",\"url\":\"http:\\\/\\\/box5887.temp.domains\\\/~barikasi\\\/\",\"name\":\"Barika Sira\",\"description\":\"Mieux communiquer pour \u00eatre une b\u00e9n\u00e9diction\",\"publisher\":{\"@id\":\"http:\\\/\\\/box5887.temp.domains\\\/~barikasi\\\/#organization\"},\"potentialAction\":[{\"@type\":\"SearchAction\",\"target\":{\"@type\":\"EntryPoint\",\"urlTemplate\":\"http:\\\/\\\/box5887.temp.domains\\\/~barikasi\\\/?s={search_term_string}\"},\"query-input\":{\"@type\":\"PropertyValueSpecification\",\"valueRequired\":true,\"valueName\":\"search_term_string\"}}],\"inLanguage\":\"en-US\"},{\"@type\":\"Organization\",\"@id\":\"http:\\\/\\\/box5887.temp.domains\\\/~barikasi\\\/#organization\",\"name\":\"Barika Sira\",\"url\":\"http:\\\/\\\/box5887.temp.domains\\\/~barikasi\\\/\",\"logo\":{\"@type\":\"ImageObject\",\"inLanguage\":\"en-US\",\"@id\":\"http:\\\/\\\/box5887.temp.domains\\\/~barikasi\\\/#\\\/schema\\\/logo\\\/image\\\/\",\"url\":\"https:\\\/\\\/barikasira.com\\\/wp-content\\\/uploads\\\/2022\\\/10\\\/cropped-Barika-Sira-logo.png\",\"contentUrl\":\"https:\\\/\\\/barikasira.com\\\/wp-content\\\/uploads\\\/2022\\\/10\\\/cropped-Barika-Sira-logo.png\",\"width\":512,\"height\":512,\"caption\":\"Barika Sira\"},\"image\":{\"@id\":\"http:\\\/\\\/box5887.temp.domains\\\/~barikasi\\\/#\\\/schema\\\/logo\\\/image\\\/\"},\"sameAs\":[\"https:\\\/\\\/www.facebook.com\\\/Barikasiratv\",\"https:\\\/\\\/x.com\\\/BarikaTv\"]}]}<\/script>\n<!-- \/ Yoast SEO plugin. -->","yoast_head_json":{"title":"test - Barika Sira","robots":{"index":"index","follow":"follow","max-snippet":"max-snippet:-1","max-image-preview":"max-image-preview:large","max-video-preview":"max-video-preview:-1"},"canonical":"https:\/\/barikasira.com\/en\/test\/","og_locale":"en_US","og_type":"article","og_title":"test - Barika Sira","og_url":"https:\/\/barikasira.com\/en\/test\/","og_site_name":"Barika Sira","article_publisher":"https:\/\/www.facebook.com\/Barikasiratv","article_modified_time":"2025-05-16T17:40:37+00:00","og_image":[{"url":"https:\/\/qwxxjleqqdkhnoxalodm.supabase.co\/storage\/v1\/object\/public\/campaign_assets\/f0d95c9d-91d7-4f53-b6c2-6499797eac41\/1747416712169_ba%20(3).png","type":"","width":"","height":""}],"twitter_card":"summary_large_image","twitter_site":"@BarikaTv","twitter_misc":{"Est. reading time":"1 minute"},"schema":{"@context":"https:\/\/schema.org","@graph":[{"@type":"WebPage","@id":"https:\/\/barikasira.com\/test\/","url":"https:\/\/barikasira.com\/test\/","name":"test - Barika Sira","isPartOf":{"@id":"http:\/\/box5887.temp.domains\/~barikasi\/#website"},"primaryImageOfPage":{"@id":"https:\/\/barikasira.com\/test\/#primaryimage"},"image":{"@id":"https:\/\/barikasira.com\/test\/#primaryimage"},"thumbnailUrl":"https:\/\/qwxxjleqqdkhnoxalodm.supabase.co\/storage\/v1\/object\/public\/campaign_assets\/f0d95c9d-91d7-4f53-b6c2-6499797eac41\/1747416712169_ba%20(3).png","datePublished":"2025-05-16T16:34:12+00:00","dateModified":"2025-05-16T17:40:37+00:00","breadcrumb":{"@id":"https:\/\/barikasira.com\/test\/#breadcrumb"},"inLanguage":"en-US","potentialAction":[{"@type":"ReadAction","target":["https:\/\/barikasira.com\/test\/"]}]},{"@type":"ImageObject","inLanguage":"en-US","@id":"https:\/\/barikasira.com\/test\/#primaryimage","url":"https:\/\/qwxxjleqqdkhnoxalodm.supabase.co\/storage\/v1\/object\/public\/campaign_assets\/f0d95c9d-91d7-4f53-b6c2-6499797eac41\/1747416712169_ba%20(3).png","contentUrl":"https:\/\/qwxxjleqqdkhnoxalodm.supabase.co\/storage\/v1\/object\/public\/campaign_assets\/f0d95c9d-91d7-4f53-b6c2-6499797eac41\/1747416712169_ba%20(3).png"},{"@type":"BreadcrumbList","@id":"https:\/\/barikasira.com\/test\/#breadcrumb","itemListElement":[{"@type":"ListItem","position":1,"name":"Home","item":"https:\/\/barikasira.com\/"},{"@type":"ListItem","position":2,"name":"test"}]},{"@type":"WebSite","@id":"http:\/\/box5887.temp.domains\/~barikasi\/#website","url":"http:\/\/box5887.temp.domains\/~barikasi\/","name":"Barika Sira","description":"Mieux communiquer pour \u00eatre une b\u00e9n\u00e9diction","publisher":{"@id":"http:\/\/box5887.temp.domains\/~barikasi\/#organization"},"potentialAction":[{"@type":"SearchAction","target":{"@type":"EntryPoint","urlTemplate":"http:\/\/box5887.temp.domains\/~barikasi\/?s={search_term_string}"},"query-input":{"@type":"PropertyValueSpecification","valueRequired":true,"valueName":"search_term_string"}}],"inLanguage":"en-US"},{"@type":"Organization","@id":"http:\/\/box5887.temp.domains\/~barikasi\/#organization","name":"Barika Sira","url":"http:\/\/box5887.temp.domains\/~barikasi\/","logo":{"@type":"ImageObject","inLanguage":"en-US","@id":"http:\/\/box5887.temp.domains\/~barikasi\/#\/schema\/logo\/image\/","url":"https:\/\/barikasira.com\/wp-content\/uploads\/2022\/10\/cropped-Barika-Sira-logo.png","contentUrl":"https:\/\/barikasira.com\/wp-content\/uploads\/2022\/10\/cropped-Barika-Sira-logo.png","width":512,"height":512,"caption":"Barika Sira"},"image":{"@id":"http:\/\/box5887.temp.domains\/~barikasi\/#\/schema\/logo\/image\/"},"sameAs":["https:\/\/www.facebook.com\/Barikasiratv","https:\/\/x.com\/BarikaTv"]}]}},"_links":{"self":[{"href":"https:\/\/barikasira.com\/en\/wp-json\/wp\/v2\/pages\/2474","targetHints":{"allow":["GET"]}}],"collection":[{"href":"https:\/\/barikasira.com\/en\/wp-json\/wp\/v2\/pages"}],"about":[{"href":"https:\/\/barikasira.com\/en\/wp-json\/wp\/v2\/types\/page"}],"author":[{"embeddable":true,"href":"https:\/\/barikasira.com\/en\/wp-json\/wp\/v2\/users\/2"}],"replies":[{"embeddable":true,"href":"https:\/\/barikasira.com\/en\/wp-json\/wp\/v2\/comments?post=2474"}],"version-history":[{"count":4,"href":"https:\/\/barikasira.com\/en\/wp-json\/wp\/v2\/pages\/2474\/revisions"}],"predecessor-version":[{"id":2480,"href":"https:\/\/barikasira.com\/en\/wp-json\/wp\/v2\/pages\/2474\/revisions\/2480"}],"wp:attachment":[{"href":"https:\/\/barikasira.com\/en\/wp-json\/wp\/v2\/media?parent=2474"}],"curies":[{"name":"wp","href":"https:\/\/api.w.org\/{rel}","templated":true}]}}